{"id":11,"date":"2025-03-03T15:34:03","date_gmt":"2025-03-03T15:34:03","guid":{"rendered":"https:\/\/fasaneberg.mediastrom.se\/?page_id=11"},"modified":"2025-03-03T15:34:03","modified_gmt":"2025-03-03T15:34:03","slug":"hem","status":"publish","type":"page","link":"https:\/\/fasaneberg.mediastrom.se\/","title":{"rendered":"Hem"},"content":{"rendered":"\n<p>V\u00e4lkommen till din nya webbplats. Det h\u00e4r \u00e4r din startsida, som de flesta bes\u00f6karna kommer att se n\u00e4r de kommer till din webbplats f\u00f6r f\u00f6rsta g\u00e5ngen.<\/p>\n","protected":false},"excerpt":{"rendered":"<p>V\u00e4lkommen till din nya webbplats. Det h\u00e4r \u00e4r din startsida, som de flesta bes\u00f6karna kommer att se n\u00e4r de kommer till din webbplats f\u00f6r f\u00f6rsta g\u00e5ngen.<\/p>\n","protected":false},"author":1,"featured_media":0,"parent":0,"menu_order":0,"comment_status":"closed","ping_status":"closed","template":"","meta":{"footnotes":""},"class_list":["post-11","page","type-page","status-publish","hentry"],"_links":{"self":[{"href":"https:\/\/fasaneberg.mediastrom.se\/index.php\/wp-json\/wp\/v2\/pages\/11","targetHints":{"allow":["GET"]}}],"collection":[{"href":"https:\/\/fasaneberg.mediastrom.se\/index.php\/wp-json\/wp\/v2\/pages"}],"about":[{"href":"https:\/\/fasaneberg.mediastrom.se\/index.php\/wp-json\/wp\/v2\/types\/page"}],"author":[{"embeddable":true,"href":"https:\/\/fasaneberg.mediastrom.se\/index.php\/wp-json\/wp\/v2\/users\/1"}],"replies":[{"embeddable":true,"href":"https:\/\/fasaneberg.mediastrom.se\/index.php\/wp-json\/wp\/v2\/comments?post=11"}],"version-history":[{"count":1,"href":"https:\/\/fasaneberg.mediastrom.se\/index.php\/wp-json\/wp\/v2\/pages\/11\/revisions"}],"predecessor-version":[{"id":17,"href":"https:\/\/fasaneberg.mediastrom.se\/index.php\/wp-json\/wp\/v2\/pages\/11\/revisions\/17"}],"wp:attachment":[{"href":"https:\/\/fasaneberg.mediastrom.se\/index.php\/wp-json\/wp\/v2\/media?parent=11"}],"curies":[{"name":"wp","href":"https:\/\/api.w.org\/{rel}","templated":true}]}}